{"id":21,"date":"2023-09-01T06:11:08","date_gmt":"2023-09-01T06:11:08","guid":{"rendered":"https:\/\/asclepios-dentaire.fr\/?page_id=21"},"modified":"2024-04-18T08:46:28","modified_gmt":"2024-04-18T08:46:28","slug":"contact","status":"publish","type":"page","link":"https:\/\/asclepios-dentaire.fr\/?page_id=21","title":{"rendered":"CONTACT"},"content":{"rendered":"<p>[et_pb_section fb_built=\u00a0\u00bb1&Prime; _builder_version=\u00a0\u00bb4.22.1&Prime; _module_preset=\u00a0\u00bbdefault\u00a0\u00bb use_background_color_gradient=\u00a0\u00bbon\u00a0\u00bb background_color_gradient_stops=\u00a0\u00bbrgba(84,28,81,0.4) 0%|rgba(84,28,81,0.2) 100%\u00a0\u00bb background_color_gradient_overlays_image=\u00a0\u00bbon\u00a0\u00bb background_image=\u00a0\u00bbhttps:\/\/asclepios-dentaire.fr\/wp-content\/uploads\/2023\/10\/CabinetDentaireLS-22.06.23-103-NB-scaled.jpg\u00a0\u00bb custom_padding=\u00a0\u00bb8%||8%||false|false\u00a0\u00bb global_colors_info=\u00a0\u00bb{}\u00a0\u00bb][et_pb_row _builder_version=\u00a0\u00bb4.22.1&Prime; _module_preset=\u00a0\u00bbdefault\u00a0\u00bb background_color=\u00a0\u00bbrgba(84,28,81,0.5)\u00a0\u00bb border_radii=\u00a0\u00bbon|10px|10px|10px|10px\u00a0\u00bb box_shadow_style=\u00a0\u00bbpreset2&Prime; global_colors_info=\u00a0\u00bb{}\u00a0\u00bb][et_pb_column type=\u00a0\u00bb4_4&Prime; _builder_version=\u00a0\u00bb4.22.1&Prime; _module_preset=\u00a0\u00bbdefault\u00a0\u00bb global_colors_info=\u00a0\u00bb{}\u00a0\u00bb][et_pb_post_title meta=\u00a0\u00bboff\u00a0\u00bb featured_image=\u00a0\u00bboff\u00a0\u00bb _builder_version=\u00a0\u00bb4.22.1&Prime; _module_preset=\u00a0\u00bbdefault\u00a0\u00bb title_font=\u00a0\u00bb|800|||||||\u00a0\u00bb title_text_align=\u00a0\u00bbcenter\u00a0\u00bb title_text_color=\u00a0\u00bb#FFFFFF\u00a0\u00bb global_colors_info=\u00a0\u00bb{}\u00a0\u00bb][\/et_pb_post_title][\/et_pb_column][\/et_pb_row][et_pb_row column_structure=\u00a0\u00bb1_2,1_2&Prime; _builder_version=\u00a0\u00bb4.22.1&Prime; _module_preset=\u00a0\u00bbdefault\u00a0\u00bb background_color=\u00a0\u00bbrgba(84,28,81,0.5)\u00a0\u00bb custom_margin=\u00a0\u00bb20px||20px||true|false\u00a0\u00bb custom_padding=\u00a0\u00bb|20px||20px|false|true\u00a0\u00bb border_radii=\u00a0\u00bbon|10px|10px|10px|10px\u00a0\u00bb box_shadow_style=\u00a0\u00bbpreset2&Prime; global_colors_info=\u00a0\u00bb{}\u00a0\u00bb][et_pb_column type=\u00a0\u00bb1_2&Prime; _builder_version=\u00a0\u00bb4.22.1&Prime; _module_preset=\u00a0\u00bbdefault\u00a0\u00bb global_colors_info=\u00a0\u00bb{}\u00a0\u00bb][et_pb_code _builder_version=\u00a0\u00bb4.22.1&Prime; _module_preset=\u00a0\u00bbdefault\u00a0\u00bb text_orientation=\u00a0\u00bbcenter\u00a0\u00bb global_colors_info=\u00a0\u00bb{}\u00a0\u00bb]<iframe src=\"https:\/\/www.google.com\/maps\/embed?pb=!1m18!1m12!1m3!1d2909.148993554429!2d2.361398977368792!3d43.18538448256025!2m3!1f0!2f0!3f0!3m2!1i1024!2i768!4f13.1!3m3!1m2!1s0x12ae2dd9558ce229%3A0x53b478d62d78966b!2sMAISON%20DE%20SANTE%20PLURIPROFESSIONNELLE%20Ascl%C3%A9pios!5e0!3m2!1sfr!2sfr!4v1696407303556!5m2!1sfr!2sfr\" width=\"600\" height=\"600\" style=\"border:0;\" allowfullscreen=\"\" loading=\"lazy\" referrerpolicy=\"no-referrer-when-downgrade\"><\/iframe>[\/et_pb_code][\/et_pb_column][et_pb_column type=\u00a0\u00bb1_2&Prime; _builder_version=\u00a0\u00bb4.22.1&Prime; _module_preset=\u00a0\u00bbdefault\u00a0\u00bb global_colors_info=\u00a0\u00bb{}\u00a0\u00bb][et_pb_text _builder_version=\u00a0\u00bb4.22.1&Prime; _module_preset=\u00a0\u00bbdefault\u00a0\u00bb text_text_color=\u00a0\u00bb#FFFFFF\u00a0\u00bb header_2_text_color=\u00a0\u00bb#FFFFFF\u00a0\u00bb header_3_text_color=\u00a0\u00bb#FFFFFF\u00a0\u00bb text_orientation=\u00a0\u00bbcenter\u00a0\u00bb hover_enabled=\u00a0\u00bb0&Prime; global_colors_info=\u00a0\u00bb{}\u00a0\u00bb header_2_line_height=\u00a0\u00bb1.3em\u00a0\u00bb sticky_enabled=\u00a0\u00bb0&Prime;]<\/p>\n<h2><span>Maison de sant\u00e9 pluridisciplinaire<br \/>Cabinet dentaire Asclepios<\/span><\/h2>\n<p><span><\/span><\/p>\n<p><span> rue de la mairie<br \/><\/span><span>11570 CAZILHAC<\/span><\/p>\n<p>[\/et_pb_text][et_pb_text _builder_version=\u00a0\u00bb4.22.1&Prime; _module_preset=\u00a0\u00bbdefault\u00a0\u00bb text_text_color=\u00a0\u00bb#FFFFFF\u00a0\u00bb header_3_text_align=\u00a0\u00bbcenter\u00a0\u00bb header_3_text_color=\u00a0\u00bb#FFFFFF\u00a0\u00bb text_orientation=\u00a0\u00bbcenter\u00a0\u00bb global_colors_info=\u00a0\u00bb{}\u00a0\u00bb]<\/p>\n<h3>EMAIL<\/h3>\n<p><span> <\/span><a \nclass=\"lienblanc\" href=\"mailto:cabinet.dentaire.asclepios@gmail.com\">cabinet.dentaire.asclepios@gmail.com<\/a>[\/et_pb_text][et_pb_text _builder_version=\u00a0\u00bb4.22.1&Prime; _module_preset=\u00a0\u00bbdefault\u00a0\u00bb text_text_color=\u00a0\u00bb#FFFFFF\u00a0\u00bb header_3_text_align=\u00a0\u00bbcenter\u00a0\u00bb header_3_text_color=\u00a0\u00bb#FFFFFF\u00a0\u00bb text_orientation=\u00a0\u00bbcenter\u00a0\u00bb global_colors_info=\u00a0\u00bb{}\u00a0\u00bb]<\/p>\n<h3>T\u00c9L\u00c9PHONE<\/h3>\n<p><span> <\/span><a class=\"lienblanc\" href=\"TEL:+33468768101\">04 68 76 81 01<\/a>[\/et_pb_text][et_pb_text _builder_version=\u00a0\u00bb4.22.1&Prime; _module_preset=\u00a0\u00bbdefault\u00a0\u00bb text_text_color=\u00a0\u00bb#FFFFFF\u00a0\u00bb header_3_text_align=\u00a0\u00bbcenter\u00a0\u00bb header_3_text_color=\u00a0\u00bb#FFFFFF\u00a0\u00bb text_orientation=\u00a0\u00bbcenter\u00a0\u00bb global_colors_info=\u00a0\u00bb{}\u00a0\u00bb]<\/p>\n<h3>HORAIRES D&rsquo;OUVERTURE<\/h3>\n<p>Lundi, mardi, jeudi, vendredi, <br \/>9h00 &#8211; 19h00<br \/>Ferm\u00e9 le mercredi<\/p>\n<p>[\/et_pb_text][et_pb_text _builder_version=\u00a0\u00bb4.22.1&Prime; _module_preset=\u00a0\u00bbdefault\u00a0\u00bb text_text_color=\u00a0\u00bb#FFFFFF\u00a0\u00bb header_3_text_align=\u00a0\u00bbcenter\u00a0\u00bb header_3_text_color=\u00a0\u00bb#FFFFFF\u00a0\u00bb text_orientation=\u00a0\u00bbcenter\u00a0\u00bb global_colors_info=\u00a0\u00bb{}\u00a0\u00bb]<\/p>\n<h3><span>ACCUEIL T\u00c9L\u00c9PHONIQUE<\/span><\/h3>\n<p>Lundi, mardi, jeudi<br \/>9h00 &#8211; 12h30 et 14h00 &#8211; 18h30<br \/>Vendredi<br \/>9h00 &#8211; 12h30 et 14h00 &#8211; 17h00<\/p>\n<p>[\/et_pb_text][et_pb_text _builder_version=\u00a0\u00bb4.22.1&Prime; _module_preset=\u00a0\u00bbdefault\u00a0\u00bb text_text_color=\u00a0\u00bb#FFFFFF\u00a0\u00bb header_3_text_align=\u00a0\u00bbcenter\u00a0\u00bb header_3_text_color=\u00a0\u00bb#FFFFFF\u00a0\u00bb text_orientation=\u00a0\u00bbcenter\u00a0\u00bb global_colors_info=\u00a0\u00bb{}\u00a0\u00bb]<\/p>\n<h3><span>ACCESSIBILIT\u00c9 PMR<\/span><\/h3>\n<p>[\/et_pb_text][\/et_pb_column][\/et_pb_row][\/et_pb_section]<\/p>\n","protected":false},"excerpt":{"rendered":"<p>Prenez RDV dans notre cabinet dentaire situ\u00e9 \u00e0 Cazilhac \u00e0 2 minutes de Carcassonne, Parking facile et accessible.<\/p>\n","protected":false},"author":1,"featured_media":0,"parent":0,"menu_order":0,"comment_status":"closed","ping_status":"closed","template":"","meta":{"_et_pb_use_builder":"on","_et_pb_old_content":"","_et_gb_content_width":"","footnotes":""},"yoast_head":"<!-- This site is optimized with the Yoast SEO plugin v22.5 - https:\/\/yoast.com\/wordpress\/plugins\/seo\/ -->\n<title>CONTACT - Asclepios dentaire<\/title>\n<meta name=\"robots\" content=\"index, follow, max-snippet:-1, max-image-preview:large, max-video-preview:-1\" \/>\n<link rel=\"canonical\" href=\"https:\/\/asclepios-dentaire.fr\/?page_id=21\" \/>\n<meta property=\"og:locale\" content=\"fr_FR\" \/>\n<meta property=\"og:type\" content=\"article\" \/>\n<meta property=\"og:title\" content=\"CONTACT - Asclepios dentaire\" \/>\n<meta property=\"og:description\" content=\"Prenez RDV dans notre cabinet dentaire situ\u00e9 \u00e0 Cazilhac \u00e0 2 minutes de Carcassonne, Parking facile et accessible.\" \/>\n<meta property=\"og:url\" content=\"https:\/\/asclepios-dentaire.fr\/?page_id=21\" \/>\n<meta property=\"og:site_name\" content=\"Asclepios dentaire\" \/>\n<meta property=\"article:modified_time\" content=\"2024-04-18T08:46:28+00:00\" \/>\n<meta name=\"twitter:card\" content=\"summary_large_image\" \/>\n<meta name=\"twitter:label1\" content=\"Dur\u00e9e de lecture estim\u00e9e\" \/>\n\t<meta name=\"twitter:data1\" content=\"2 minutes\" \/>\n<script type=\"application\/ld+json\" class=\"yoast-schema-graph\">{\"@context\":\"https:\/\/schema.org\",\"@graph\":[{\"@type\":\"WebPage\",\"@id\":\"https:\/\/asclepios-dentaire.fr\/?page_id=21\",\"url\":\"https:\/\/asclepios-dentaire.fr\/?page_id=21\",\"name\":\"CONTACT - Asclepios dentaire\",\"isPartOf\":{\"@id\":\"https:\/\/asclepios-dentaire.fr\/#website\"},\"datePublished\":\"2023-09-01T06:11:08+00:00\",\"dateModified\":\"2024-04-18T08:46:28+00:00\",\"breadcrumb\":{\"@id\":\"https:\/\/asclepios-dentaire.fr\/?page_id=21#breadcrumb\"},\"inLanguage\":\"fr-FR\",\"potentialAction\":[{\"@type\":\"ReadAction\",\"target\":[\"https:\/\/asclepios-dentaire.fr\/?page_id=21\"]}]},{\"@type\":\"BreadcrumbList\",\"@id\":\"https:\/\/asclepios-dentaire.fr\/?page_id=21#breadcrumb\",\"itemListElement\":[{\"@type\":\"ListItem\",\"position\":1,\"name\":\"Accueil\",\"item\":\"https:\/\/asclepios-dentaire.fr\/\"},{\"@type\":\"ListItem\",\"position\":2,\"name\":\"CONTACT\"}]},{\"@type\":\"WebSite\",\"@id\":\"https:\/\/asclepios-dentaire.fr\/#website\",\"url\":\"https:\/\/asclepios-dentaire.fr\/\",\"name\":\"Asclepios dentaire\",\"description\":\"MSP ASCL\u00c9PIOS\",\"publisher\":{\"@id\":\"https:\/\/asclepios-dentaire.fr\/#organization\"},\"potentialAction\":[{\"@type\":\"SearchAction\",\"target\":{\"@type\":\"EntryPoint\",\"urlTemplate\":\"https:\/\/asclepios-dentaire.fr\/?s={search_term_string}\"},\"query-input\":\"required name=search_term_string\"}],\"inLanguage\":\"fr-FR\"},{\"@type\":\"Organization\",\"@id\":\"https:\/\/asclepios-dentaire.fr\/#organization\",\"name\":\"Cabinet dentaire Ascl\u00e9pios\",\"url\":\"https:\/\/asclepios-dentaire.fr\/\",\"logo\":{\"@type\":\"ImageObject\",\"inLanguage\":\"fr-FR\",\"@id\":\"https:\/\/asclepios-dentaire.fr\/#\/schema\/logo\/image\/\",\"url\":\"https:\/\/asclepios-dentaire.fr\/wp-content\/uploads\/2023\/09\/cropped-logo-Asclepios-dentaire.png\",\"contentUrl\":\"https:\/\/asclepios-dentaire.fr\/wp-content\/uploads\/2023\/09\/cropped-logo-Asclepios-dentaire.png\",\"width\":512,\"height\":512,\"caption\":\"Cabinet dentaire Ascl\u00e9pios\"},\"image\":{\"@id\":\"https:\/\/asclepios-dentaire.fr\/#\/schema\/logo\/image\/\"},\"sameAs\":[\"https:\/\/www.instagram.com\/drgarimasarah\/\"]}]}<\/script>\n<!-- \/ Yoast SEO plugin. -->","yoast_head_json":{"title":"CONTACT - Asclepios dentaire","robots":{"index":"index","follow":"follow","max-snippet":"max-snippet:-1","max-image-preview":"max-image-preview:large","max-video-preview":"max-video-preview:-1"},"canonical":"https:\/\/asclepios-dentaire.fr\/?page_id=21","og_locale":"fr_FR","og_type":"article","og_title":"CONTACT - Asclepios dentaire","og_description":"Prenez RDV dans notre cabinet dentaire situ\u00e9 \u00e0 Cazilhac \u00e0 2 minutes de Carcassonne, Parking facile et accessible.","og_url":"https:\/\/asclepios-dentaire.fr\/?page_id=21","og_site_name":"Asclepios dentaire","article_modified_time":"2024-04-18T08:46:28+00:00","twitter_card":"summary_large_image","twitter_misc":{"Dur\u00e9e de lecture estim\u00e9e":"2 minutes"},"schema":{"@context":"https:\/\/schema.org","@graph":[{"@type":"WebPage","@id":"https:\/\/asclepios-dentaire.fr\/?page_id=21","url":"https:\/\/asclepios-dentaire.fr\/?page_id=21","name":"CONTACT - Asclepios dentaire","isPartOf":{"@id":"https:\/\/asclepios-dentaire.fr\/#website"},"datePublished":"2023-09-01T06:11:08+00:00","dateModified":"2024-04-18T08:46:28+00:00","breadcrumb":{"@id":"https:\/\/asclepios-dentaire.fr\/?page_id=21#breadcrumb"},"inLanguage":"fr-FR","potentialAction":[{"@type":"ReadAction","target":["https:\/\/asclepios-dentaire.fr\/?page_id=21"]}]},{"@type":"BreadcrumbList","@id":"https:\/\/asclepios-dentaire.fr\/?page_id=21#breadcrumb","itemListElement":[{"@type":"ListItem","position":1,"name":"Accueil","item":"https:\/\/asclepios-dentaire.fr\/"},{"@type":"ListItem","position":2,"name":"CONTACT"}]},{"@type":"WebSite","@id":"https:\/\/asclepios-dentaire.fr\/#website","url":"https:\/\/asclepios-dentaire.fr\/","name":"Asclepios dentaire","description":"MSP ASCL\u00c9PIOS","publisher":{"@id":"https:\/\/asclepios-dentaire.fr\/#organization"},"potentialAction":[{"@type":"SearchAction","target":{"@type":"EntryPoint","urlTemplate":"https:\/\/asclepios-dentaire.fr\/?s={search_term_string}"},"query-input":"required name=search_term_string"}],"inLanguage":"fr-FR"},{"@type":"Organization","@id":"https:\/\/asclepios-dentaire.fr\/#organization","name":"Cabinet dentaire Ascl\u00e9pios","url":"https:\/\/asclepios-dentaire.fr\/","logo":{"@type":"ImageObject","inLanguage":"fr-FR","@id":"https:\/\/asclepios-dentaire.fr\/#\/schema\/logo\/image\/","url":"https:\/\/asclepios-dentaire.fr\/wp-content\/uploads\/2023\/09\/cropped-logo-Asclepios-dentaire.png","contentUrl":"https:\/\/asclepios-dentaire.fr\/wp-content\/uploads\/2023\/09\/cropped-logo-Asclepios-dentaire.png","width":512,"height":512,"caption":"Cabinet dentaire Ascl\u00e9pios"},"image":{"@id":"https:\/\/asclepios-dentaire.fr\/#\/schema\/logo\/image\/"},"sameAs":["https:\/\/www.instagram.com\/drgarimasarah\/"]}]}},"_links":{"self":[{"href":"https:\/\/asclepios-dentaire.fr\/index.php?rest_route=\/wp\/v2\/pages\/21"}],"collection":[{"href":"https:\/\/asclepios-dentaire.fr\/index.php?rest_route=\/wp\/v2\/pages"}],"about":[{"href":"https:\/\/asclepios-dentaire.fr\/index.php?rest_route=\/wp\/v2\/types\/page"}],"author":[{"embeddable":true,"href":"https:\/\/asclepios-dentaire.fr\/index.php?rest_route=\/wp\/v2\/users\/1"}],"replies":[{"embeddable":true,"href":"https:\/\/asclepios-dentaire.fr\/index.php?rest_route=%2Fwp%2Fv2%2Fcomments&post=21"}],"version-history":[{"count":8,"href":"https:\/\/asclepios-dentaire.fr\/index.php?rest_route=\/wp\/v2\/pages\/21\/revisions"}],"predecessor-version":[{"id":320,"href":"https:\/\/asclepios-dentaire.fr\/index.php?rest_route=\/wp\/v2\/pages\/21\/revisions\/320"}],"wp:attachment":[{"href":"https:\/\/asclepios-dentaire.fr\/index.php?rest_route=%2Fwp%2Fv2%2Fmedia&parent=21"}],"curies":[{"name":"wp","href":"https:\/\/api.w.org\/{rel}","templated":true}]}}