{"id":10,"date":"2023-09-01T06:08:33","date_gmt":"2023-09-01T06:08:33","guid":{"rendered":"https:\/\/asclepios-dentaire.fr\/?page_id=10"},"modified":"2024-04-19T12:06:51","modified_gmt":"2024-04-19T12:06:51","slug":"cabinet-dentaire-a-cazilhac","status":"publish","type":"page","link":"https:\/\/asclepios-dentaire.fr\/","title":{"rendered":"ASCL\u00c9PIOS DENTAIRE"},"content":{"rendered":"<p>[et_pb_section fb_built=\u00a0\u00bb1&Prime; custom_padding_last_edited=\u00a0\u00bbon|tablet\u00a0\u00bb _builder_version=\u00a0\u00bb4.22.1&Prime; _module_preset=\u00a0\u00bbdefault\u00a0\u00bb background_color=\u00a0\u00bb#541C51&Prime; use_background_color_gradient=\u00a0\u00bbon\u00a0\u00bb background_color_gradient_stops=\u00a0\u00bbrgba(84,28,81,0.4) 0%|rgba(84,28,81,0.23) 98%\u00a0\u00bb background_color_gradient_overlays_image=\u00a0\u00bbon\u00a0\u00bb background_image=\u00a0\u00bbhttps:\/\/asclepios-dentaire.fr\/wp-content\/uploads\/2024\/04\/page-accueil-et-bandeau-modif-scaled.jpg\u00a0\u00bb min_height=\u00a0\u00bb100%\u00a0\u00bb height=\u00a0\u00bb100%\u00a0\u00bb max_height=\u00a0\u00bb100%\u00a0\u00bb custom_padding=\u00a0\u00bb8%||8%||true|false\u00a0\u00bb custom_padding_tablet=\u00a0\u00bb3%||3%||true|false\u00a0\u00bb custom_padding_phone=\u00a0\u00bb5%||5%||true|false\u00a0\u00bb global_colors_info=\u00a0\u00bb{}\u00a0\u00bb][et_pb_row _builder_version=\u00a0\u00bb4.22.1&Prime; _module_preset=\u00a0\u00bbdefault\u00a0\u00bb global_colors_info=\u00a0\u00bb{}\u00a0\u00bb][et_pb_column type=\u00a0\u00bb4_4&Prime; _builder_version=\u00a0\u00bb4.22.1&Prime; _module_preset=\u00a0\u00bbdefault\u00a0\u00bb global_colors_info=\u00a0\u00bb{}\u00a0\u00bb][et_pb_image src=\u00a0\u00bbhttps:\/\/asclepios-dentaire.fr\/wp-content\/uploads\/2023\/09\/logo-Asclepios-dentaire-sans-fond.png\u00a0\u00bb title_text=\u00a0\u00bblogo Asclepios dentaire-sans fond\u00a0\u00bb align=\u00a0\u00bbcenter\u00a0\u00bb _builder_version=\u00a0\u00bb4.22.1&Prime; _module_preset=\u00a0\u00bbdefault\u00a0\u00bb width=\u00a0\u00bb40%\u00a0\u00bb width_tablet=\u00a0\u00bb40%\u00a0\u00bb width_phone=\u00a0\u00bb40%\u00a0\u00bb width_last_edited=\u00a0\u00bbon|desktop\u00a0\u00bb max_width=\u00a0\u00bb50%\u00a0\u00bb global_colors_info=\u00a0\u00bb{}\u00a0\u00bb][\/et_pb_image][\/et_pb_column][\/et_pb_row][et_pb_row column_structure=\u00a0\u00bb1_5,1_5,1_5,1_5,1_5&Prime; use_custom_gutter=\u00a0\u00bbon\u00a0\u00bb gutter_width=\u00a0\u00bb1&Prime; make_equal=\u00a0\u00bbon\u00a0\u00bb _builder_version=\u00a0\u00bb4.22.1&Prime; _module_preset=\u00a0\u00bbdefault\u00a0\u00bb width=\u00a0\u00bb100%\u00a0\u00bb module_alignment=\u00a0\u00bbcenter\u00a0\u00bb custom_margin=\u00a0\u00bb0px|0px|0px|0px|false|false\u00a0\u00bb custom_padding=\u00a0\u00bb0px|0px|0px|0px|false|false\u00a0\u00bb global_colors_info=\u00a0\u00bb{}\u00a0\u00bb][et_pb_column type=\u00a0\u00bb1_5&Prime; _builder_version=\u00a0\u00bb4.22.1&Prime; _module_preset=\u00a0\u00bbdefault\u00a0\u00bb background_color=\u00a0\u00bbrgba(84,28,81,0.5)\u00a0\u00bb custom_padding=\u00a0\u00bb0px|0px|0px|0px|false|false\u00a0\u00bb global_colors_info=\u00a0\u00bb{}\u00a0\u00bb][et_pb_button button_url=\u00a0\u00bb@ET-DC@eyJkeW5hbWljIjp0cnVlLCJjb250ZW50IjoicG9zdF9saW5rX3VybF9wYWdlIiwic2V0dGluZ3MiOnsicG9zdF9pZCI6IjEzIn19@\u00a0\u00bb button_text=\u00a0\u00bbLE CABINET\u00a0\u00bb button_alignment=\u00a0\u00bbcenter\u00a0\u00bb module_class=\u00a0\u00bbBbt-accueil\u00a0\u00bb _builder_version=\u00a0\u00bb4.22.1&Prime; _dynamic_attributes=\u00a0\u00bbbutton_url\u00a0\u00bb _module_preset=\u00a0\u00bbdefault\u00a0\u00bb custom_button=\u00a0\u00bbon\u00a0\u00bb button_text_size=\u00a0\u00bb20px\u00a0\u00bb button_text_color=\u00a0\u00bb#FFFFFF\u00a0\u00bb button_border_width=\u00a0\u00bb0px\u00a0\u00bb button_letter_spacing=\u00a0\u00bb1px\u00a0\u00bb animation_style=\u00a0\u00bbslide\u00a0\u00bb button_bg_color_last_edited=\u00a0\u00bboff|desktop\u00a0\u00bb button_text_shadow_style=\u00a0\u00bbpreset1&Prime; global_colors_info=\u00a0\u00bb{}\u00a0\u00bb button_bg_color__hover_enabled=\u00a0\u00bbon|hover\u00a0\u00bb button_bg_color__hover=\u00a0\u00bb\u00a0\u00bb button_bg_enable_color__hover=\u00a0\u00bboff\u00a0\u00bb][\/et_pb_button][\/et_pb_column][et_pb_column type=\u00a0\u00bb1_5&Prime; _builder_version=\u00a0\u00bb4.22.1&Prime; _module_preset=\u00a0\u00bbdefault\u00a0\u00bb background_color=\u00a0\u00bbrgba(84,28,81,0.5)\u00a0\u00bb custom_padding=\u00a0\u00bb0px|0px|0px|0px|false|false\u00a0\u00bb global_colors_info=\u00a0\u00bb{}\u00a0\u00bb][et_pb_button button_url=\u00a0\u00bb@ET-DC@eyJkeW5hbWljIjp0cnVlLCJjb250ZW50IjoicG9zdF9saW5rX3VybF9wYWdlIiwic2V0dGluZ3MiOnsicG9zdF9pZCI6IjE1In19@\u00a0\u00bb button_text=\u00a0\u00bbLES TRAITEMENTS\u00a0\u00bb button_alignment=\u00a0\u00bbcenter\u00a0\u00bb module_class=\u00a0\u00bbBbt-accueil\u00a0\u00bb _builder_version=\u00a0\u00bb4.22.1&Prime; _dynamic_attributes=\u00a0\u00bbbutton_url\u00a0\u00bb _module_preset=\u00a0\u00bbdefault\u00a0\u00bb custom_button=\u00a0\u00bbon\u00a0\u00bb button_text_size=\u00a0\u00bb20px\u00a0\u00bb button_text_color=\u00a0\u00bb#FFFFFF\u00a0\u00bb button_border_width=\u00a0\u00bb0px\u00a0\u00bb button_letter_spacing=\u00a0\u00bb1px\u00a0\u00bb animation_style=\u00a0\u00bbslide\u00a0\u00bb button_bg_color_last_edited=\u00a0\u00bboff|desktop\u00a0\u00bb button_text_shadow_style=\u00a0\u00bbpreset1&Prime; global_colors_info=\u00a0\u00bb{}\u00a0\u00bb button_bg_color__hover_enabled=\u00a0\u00bbon|hover\u00a0\u00bb button_bg_color__hover=\u00a0\u00bb\u00a0\u00bb button_bg_enable_color__hover=\u00a0\u00bboff\u00a0\u00bb][\/et_pb_button][\/et_pb_column][et_pb_column type=\u00a0\u00bb1_5&Prime; _builder_version=\u00a0\u00bb4.22.1&Prime; _module_preset=\u00a0\u00bbdefault\u00a0\u00bb background_color=\u00a0\u00bbrgba(84,28,81,0.5)\u00a0\u00bb custom_padding=\u00a0\u00bb0px|0px|0px|0px|false|false\u00a0\u00bb global_colors_info=\u00a0\u00bb{}\u00a0\u00bb][et_pb_button button_url=\u00a0\u00bb@ET-DC@eyJkeW5hbWljIjp0cnVlLCJjb250ZW50IjoicG9zdF9saW5rX3VybF9wYWdlIiwic2V0dGluZ3MiOnsicG9zdF9pZCI6IjE3In19@\u00a0\u00bb button_text=\u00a0\u00bbLES TECHNIQUES\u00a0\u00bb button_alignment=\u00a0\u00bbcenter\u00a0\u00bb module_class=\u00a0\u00bbBbt-accueil\u00a0\u00bb _builder_version=\u00a0\u00bb4.22.1&Prime; _dynamic_attributes=\u00a0\u00bbbutton_url\u00a0\u00bb _module_preset=\u00a0\u00bbdefault\u00a0\u00bb custom_button=\u00a0\u00bbon\u00a0\u00bb button_text_size=\u00a0\u00bb20px\u00a0\u00bb button_text_color=\u00a0\u00bb#FFFFFF\u00a0\u00bb button_border_width=\u00a0\u00bb0px\u00a0\u00bb button_letter_spacing=\u00a0\u00bb1px\u00a0\u00bb animation_style=\u00a0\u00bbslide\u00a0\u00bb button_bg_color_last_edited=\u00a0\u00bboff|desktop\u00a0\u00bb button_text_shadow_style=\u00a0\u00bbpreset1&Prime; global_colors_info=\u00a0\u00bb{}\u00a0\u00bb button_bg_color__hover_enabled=\u00a0\u00bbon|hover\u00a0\u00bb button_bg_color__hover=\u00a0\u00bb\u00a0\u00bb button_bg_enable_color__hover=\u00a0\u00bboff\u00a0\u00bb][\/et_pb_button][\/et_pb_column][et_pb_column type=\u00a0\u00bb1_5&Prime; _builder_version=\u00a0\u00bb4.22.1&Prime; _module_preset=\u00a0\u00bbdefault\u00a0\u00bb background_color=\u00a0\u00bbrgba(84,28,81,0.5)\u00a0\u00bb custom_padding=\u00a0\u00bb0px|0px|0px|0px|false|false\u00a0\u00bb global_colors_info=\u00a0\u00bb{}\u00a0\u00bb][et_pb_button button_url=\u00a0\u00bb@ET-DC@eyJkeW5hbWljIjp0cnVlLCJjb250ZW50IjoicG9zdF9saW5rX3VybF9wYWdlIiwic2V0dGluZ3MiOnsicG9zdF9pZCI6IjE5In19@\u00a0\u00bb button_text=\u00a0\u00bbCONSEILS\u00a0\u00bb button_alignment=\u00a0\u00bbcenter\u00a0\u00bb module_class=\u00a0\u00bbBbt-accueil\u00a0\u00bb _builder_version=\u00a0\u00bb4.22.1&Prime; _dynamic_attributes=\u00a0\u00bbbutton_url\u00a0\u00bb _module_preset=\u00a0\u00bbdefault\u00a0\u00bb custom_button=\u00a0\u00bbon\u00a0\u00bb button_text_size=\u00a0\u00bb20px\u00a0\u00bb button_text_color=\u00a0\u00bb#FFFFFF\u00a0\u00bb button_border_width=\u00a0\u00bb0px\u00a0\u00bb button_letter_spacing=\u00a0\u00bb1px\u00a0\u00bb animation_style=\u00a0\u00bbslide\u00a0\u00bb button_bg_color_last_edited=\u00a0\u00bboff|desktop\u00a0\u00bb button_text_shadow_style=\u00a0\u00bbpreset1&Prime; global_colors_info=\u00a0\u00bb{}\u00a0\u00bb button_bg_color__hover_enabled=\u00a0\u00bbon|hover\u00a0\u00bb button_bg_color__hover=\u00a0\u00bb\u00a0\u00bb button_bg_enable_color__hover=\u00a0\u00bboff\u00a0\u00bb][\/et_pb_button][\/et_pb_column][et_pb_column type=\u00a0\u00bb1_5&Prime; _builder_version=\u00a0\u00bb4.22.1&Prime; _module_preset=\u00a0\u00bbdefault\u00a0\u00bb background_color=\u00a0\u00bbrgba(84,28,81,0.5)\u00a0\u00bb custom_padding=\u00a0\u00bb0px|0px|0px|0px|false|false\u00a0\u00bb global_colors_info=\u00a0\u00bb{}\u00a0\u00bb][et_pb_button button_url=\u00a0\u00bb@ET-DC@eyJkeW5hbWljIjp0cnVlLCJjb250ZW50IjoicG9zdF9saW5rX3VybF9wYWdlIiwic2V0dGluZ3MiOnsicG9zdF9pZCI6IjIxIn19@\u00a0\u00bb button_text=\u00a0\u00bbCONTACT\u00a0\u00bb button_alignment=\u00a0\u00bbcenter\u00a0\u00bb module_class=\u00a0\u00bbBbt-accueil\u00a0\u00bb _builder_version=\u00a0\u00bb4.22.1&Prime; _dynamic_attributes=\u00a0\u00bbbutton_url\u00a0\u00bb _module_preset=\u00a0\u00bbdefault\u00a0\u00bb custom_button=\u00a0\u00bbon\u00a0\u00bb button_text_size=\u00a0\u00bb20px\u00a0\u00bb button_text_color=\u00a0\u00bb#FFFFFF\u00a0\u00bb button_border_width=\u00a0\u00bb0px\u00a0\u00bb button_letter_spacing=\u00a0\u00bb1px\u00a0\u00bb animation_style=\u00a0\u00bbslide\u00a0\u00bb button_bg_color_last_edited=\u00a0\u00bboff|desktop\u00a0\u00bb button_text_shadow_style=\u00a0\u00bbpreset1&Prime; global_colors_info=\u00a0\u00bb{}\u00a0\u00bb button_bg_color__hover_enabled=\u00a0\u00bbon|hover\u00a0\u00bb button_bg_color__hover=\u00a0\u00bb\u00a0\u00bb button_bg_enable_color__hover=\u00a0\u00bboff\u00a0\u00bb][\/et_pb_button][\/et_pb_column][\/et_pb_row][\/et_pb_section]<\/p>\n","protected":false},"excerpt":{"rendered":"","protected":false},"author":1,"featured_media":0,"parent":0,"menu_order":0,"comment_status":"closed","ping_status":"closed","template":"","meta":{"_et_pb_use_builder":"on","_et_pb_old_content":"","_et_gb_content_width":"","footnotes":""},"yoast_head":"<!-- This site is optimized with the Yoast SEO plugin v22.5 - https:\/\/yoast.com\/wordpress\/plugins\/seo\/ -->\n<title>ASCL\u00c9PIOS DENTAIRE - Cabinet dentaire \u00e0 cazilhac carcassonne<\/title>\n<meta name=\"description\" content=\"Cazilhac, \u00e0 2 min de Carcassonne, d\u00e9couvrez notre cabinet dentaire avec parking. Drs Sarah Garima et Laurie Vidal pour des soins de qualit\u00e9.\" \/>\n<meta name=\"robots\" content=\"index, follow, max-snippet:-1, max-image-preview:large, max-video-preview:-1\" \/>\n<link rel=\"canonical\" href=\"https:\/\/asclepios-dentaire.fr\/\" \/>\n<meta property=\"og:locale\" content=\"fr_FR\" \/>\n<meta property=\"og:type\" content=\"article\" \/>\n<meta property=\"og:title\" content=\"ASCL\u00c9PIOS DENTAIRE - Cabinet dentaire \u00e0 cazilhac carcassonne\" \/>\n<meta property=\"og:description\" content=\"Cazilhac, \u00e0 2 min de Carcassonne, d\u00e9couvrez notre cabinet dentaire avec parking. Drs Sarah Garima et Laurie Vidal pour des soins de qualit\u00e9.\" \/>\n<meta property=\"og:url\" content=\"https:\/\/asclepios-dentaire.fr\/\" \/>\n<meta property=\"og:site_name\" content=\"Asclepios dentaire\" \/>\n<meta property=\"article:modified_time\" content=\"2024-04-19T12:06:51+00:00\" \/>\n<meta name=\"twitter:card\" content=\"summary_large_image\" \/>\n<meta name=\"twitter:label1\" content=\"Dur\u00e9e de lecture estim\u00e9e\" \/>\n\t<meta name=\"twitter:data1\" content=\"1 minute\" \/>\n<script type=\"application\/ld+json\" class=\"yoast-schema-graph\">{\"@context\":\"https:\/\/schema.org\",\"@graph\":[{\"@type\":\"WebPage\",\"@id\":\"https:\/\/asclepios-dentaire.fr\/\",\"url\":\"https:\/\/asclepios-dentaire.fr\/\",\"name\":\"ASCL\u00c9PIOS DENTAIRE - Cabinet dentaire \u00e0 cazilhac carcassonne\",\"isPartOf\":{\"@id\":\"https:\/\/asclepios-dentaire.fr\/#website\"},\"datePublished\":\"2023-09-01T06:08:33+00:00\",\"dateModified\":\"2024-04-19T12:06:51+00:00\",\"description\":\"Cazilhac, \u00e0 2 min de Carcassonne, d\u00e9couvrez notre cabinet dentaire avec parking. Drs Sarah Garima et Laurie Vidal pour des soins de qualit\u00e9.\",\"breadcrumb\":{\"@id\":\"https:\/\/asclepios-dentaire.fr\/#breadcrumb\"},\"inLanguage\":\"fr-FR\",\"potentialAction\":[{\"@type\":\"ReadAction\",\"target\":[\"https:\/\/asclepios-dentaire.fr\/\"]}]},{\"@type\":\"BreadcrumbList\",\"@id\":\"https:\/\/asclepios-dentaire.fr\/#breadcrumb\",\"itemListElement\":[{\"@type\":\"ListItem\",\"position\":1,\"name\":\"Accueil\",\"item\":\"https:\/\/asclepios-dentaire.fr\/\"},{\"@type\":\"ListItem\",\"position\":2,\"name\":\"ASCL\u00c9PIOS DENTAIRE\"}]},{\"@type\":\"WebSite\",\"@id\":\"https:\/\/asclepios-dentaire.fr\/#website\",\"url\":\"https:\/\/asclepios-dentaire.fr\/\",\"name\":\"Asclepios dentaire\",\"description\":\"MSP ASCL\u00c9PIOS\",\"publisher\":{\"@id\":\"https:\/\/asclepios-dentaire.fr\/#organization\"},\"potentialAction\":[{\"@type\":\"SearchAction\",\"target\":{\"@type\":\"EntryPoint\",\"urlTemplate\":\"https:\/\/asclepios-dentaire.fr\/?s={search_term_string}\"},\"query-input\":\"required name=search_term_string\"}],\"inLanguage\":\"fr-FR\"},{\"@type\":\"Organization\",\"@id\":\"https:\/\/asclepios-dentaire.fr\/#organization\",\"name\":\"Cabinet dentaire Ascl\u00e9pios\",\"url\":\"https:\/\/asclepios-dentaire.fr\/\",\"logo\":{\"@type\":\"ImageObject\",\"inLanguage\":\"fr-FR\",\"@id\":\"https:\/\/asclepios-dentaire.fr\/#\/schema\/logo\/image\/\",\"url\":\"https:\/\/asclepios-dentaire.fr\/wp-content\/uploads\/2023\/09\/cropped-logo-Asclepios-dentaire.png\",\"contentUrl\":\"https:\/\/asclepios-dentaire.fr\/wp-content\/uploads\/2023\/09\/cropped-logo-Asclepios-dentaire.png\",\"width\":512,\"height\":512,\"caption\":\"Cabinet dentaire Ascl\u00e9pios\"},\"image\":{\"@id\":\"https:\/\/asclepios-dentaire.fr\/#\/schema\/logo\/image\/\"},\"sameAs\":[\"https:\/\/www.instagram.com\/drgarimasarah\/\"]}]}<\/script>\n<!-- \/ Yoast SEO plugin. -->","yoast_head_json":{"title":"ASCL\u00c9PIOS DENTAIRE - Cabinet dentaire \u00e0 cazilhac carcassonne","description":"Cazilhac, \u00e0 2 min de Carcassonne, d\u00e9couvrez notre cabinet dentaire avec parking. Drs Sarah Garima et Laurie Vidal pour des soins de qualit\u00e9.","robots":{"index":"index","follow":"follow","max-snippet":"max-snippet:-1","max-image-preview":"max-image-preview:large","max-video-preview":"max-video-preview:-1"},"canonical":"https:\/\/asclepios-dentaire.fr\/","og_locale":"fr_FR","og_type":"article","og_title":"ASCL\u00c9PIOS DENTAIRE - Cabinet dentaire \u00e0 cazilhac carcassonne","og_description":"Cazilhac, \u00e0 2 min de Carcassonne, d\u00e9couvrez notre cabinet dentaire avec parking. Drs Sarah Garima et Laurie Vidal pour des soins de qualit\u00e9.","og_url":"https:\/\/asclepios-dentaire.fr\/","og_site_name":"Asclepios dentaire","article_modified_time":"2024-04-19T12:06:51+00:00","twitter_card":"summary_large_image","twitter_misc":{"Dur\u00e9e de lecture estim\u00e9e":"1 minute"},"schema":{"@context":"https:\/\/schema.org","@graph":[{"@type":"WebPage","@id":"https:\/\/asclepios-dentaire.fr\/","url":"https:\/\/asclepios-dentaire.fr\/","name":"ASCL\u00c9PIOS DENTAIRE - Cabinet dentaire \u00e0 cazilhac carcassonne","isPartOf":{"@id":"https:\/\/asclepios-dentaire.fr\/#website"},"datePublished":"2023-09-01T06:08:33+00:00","dateModified":"2024-04-19T12:06:51+00:00","description":"Cazilhac, \u00e0 2 min de Carcassonne, d\u00e9couvrez notre cabinet dentaire avec parking. Drs Sarah Garima et Laurie Vidal pour des soins de qualit\u00e9.","breadcrumb":{"@id":"https:\/\/asclepios-dentaire.fr\/#breadcrumb"},"inLanguage":"fr-FR","potentialAction":[{"@type":"ReadAction","target":["https:\/\/asclepios-dentaire.fr\/"]}]},{"@type":"BreadcrumbList","@id":"https:\/\/asclepios-dentaire.fr\/#breadcrumb","itemListElement":[{"@type":"ListItem","position":1,"name":"Accueil","item":"https:\/\/asclepios-dentaire.fr\/"},{"@type":"ListItem","position":2,"name":"ASCL\u00c9PIOS DENTAIRE"}]},{"@type":"WebSite","@id":"https:\/\/asclepios-dentaire.fr\/#website","url":"https:\/\/asclepios-dentaire.fr\/","name":"Asclepios dentaire","description":"MSP ASCL\u00c9PIOS","publisher":{"@id":"https:\/\/asclepios-dentaire.fr\/#organization"},"potentialAction":[{"@type":"SearchAction","target":{"@type":"EntryPoint","urlTemplate":"https:\/\/asclepios-dentaire.fr\/?s={search_term_string}"},"query-input":"required name=search_term_string"}],"inLanguage":"fr-FR"},{"@type":"Organization","@id":"https:\/\/asclepios-dentaire.fr\/#organization","name":"Cabinet dentaire Ascl\u00e9pios","url":"https:\/\/asclepios-dentaire.fr\/","logo":{"@type":"ImageObject","inLanguage":"fr-FR","@id":"https:\/\/asclepios-dentaire.fr\/#\/schema\/logo\/image\/","url":"https:\/\/asclepios-dentaire.fr\/wp-content\/uploads\/2023\/09\/cropped-logo-Asclepios-dentaire.png","contentUrl":"https:\/\/asclepios-dentaire.fr\/wp-content\/uploads\/2023\/09\/cropped-logo-Asclepios-dentaire.png","width":512,"height":512,"caption":"Cabinet dentaire Ascl\u00e9pios"},"image":{"@id":"https:\/\/asclepios-dentaire.fr\/#\/schema\/logo\/image\/"},"sameAs":["https:\/\/www.instagram.com\/drgarimasarah\/"]}]}},"_links":{"self":[{"href":"https:\/\/asclepios-dentaire.fr\/index.php?rest_route=\/wp\/v2\/pages\/10"}],"collection":[{"href":"https:\/\/asclepios-dentaire.fr\/index.php?rest_route=\/wp\/v2\/pages"}],"about":[{"href":"https:\/\/asclepios-dentaire.fr\/index.php?rest_route=\/wp\/v2\/types\/page"}],"author":[{"embeddable":true,"href":"https:\/\/asclepios-dentaire.fr\/index.php?rest_route=\/wp\/v2\/users\/1"}],"replies":[{"embeddable":true,"href":"https:\/\/asclepios-dentaire.fr\/index.php?rest_route=%2Fwp%2Fv2%2Fcomments&post=10"}],"version-history":[{"count":25,"href":"https:\/\/asclepios-dentaire.fr\/index.php?rest_route=\/wp\/v2\/pages\/10\/revisions"}],"predecessor-version":[{"id":327,"href":"https:\/\/asclepios-dentaire.fr\/index.php?rest_route=\/wp\/v2\/pages\/10\/revisions\/327"}],"wp:attachment":[{"href":"https:\/\/asclepios-dentaire.fr\/index.php?rest_route=%2Fwp%2Fv2%2Fmedia&parent=10"}],"curies":[{"name":"wp","href":"https:\/\/api.w.org\/{rel}","templated":true}]}}